{"id":8,"date":"2017-02-22T13:56:34","date_gmt":"2017-02-22T12:56:34","guid":{"rendered":"http:\/\/simonlh.fr\/?page_id=8"},"modified":"2017-09-27T17:42:55","modified_gmt":"2017-09-27T15:42:55","slug":"a-propos-de","status":"publish","type":"page","link":"https:\/\/vollibre.simonlh.fr\/index.php\/a-propos-de\/","title":{"rendered":"\u00c0 propos"},"content":{"rendered":"<p>Ce blog est l\u00e0 pour parler de sujets autour du parapente, des infos sur les sites, sur les transports pour s&rsquo;y rendre, sur les alternatives \u00e0 la voiture notamment, de la randovol, de l\u2019auto-stop, de la r\u00e9gion Auvergne Rh\u00f4ne Alpes, de la s\u00e9curit\u00e9, de retours sur ma pratique du parapente mais aussi et surtout du plaisir de s\u2019envoler dans nos magnifiques paysages.<\/p>\n","protected":false},"excerpt":{"rendered":"<p>Ce blog est l\u00e0 pour parler de sujets autour du parapente, des infos sur les sites, sur les transports pour s&rsquo;y rendre, sur les alternatives \u00e0 la voiture notamment, de la randovol, de l\u2019auto-stop, de la r\u00e9gion Auvergne Rh\u00f4ne Alpes, de la s\u00e9curit\u00e9, de retours sur ma pratique du parapente mais aussi et surtout du &hellip; <a href=\"https:\/\/vollibre.simonlh.fr\/index.php\/a-propos-de\/\" class=\"more-link\">Continuer la lecture de <span class=\"screen-reader-text\">\u00c0 propos<\/span><\/a><\/p>\n","protected":false},"author":1,"featured_media":0,"parent":0,"menu_order":0,"comment_status":"closed","ping_status":"closed","template":"","meta":{"footnotes":""},"class_list":["post-8","page","type-page","status-publish","hentry"],"_links":{"self":[{"href":"https:\/\/vollibre.simonlh.fr\/index.php\/wp-json\/wp\/v2\/pages\/8","targetHints":{"allow":["GET"]}}],"collection":[{"href":"https:\/\/vollibre.simonlh.fr\/index.php\/wp-json\/wp\/v2\/pages"}],"about":[{"href":"https:\/\/vollibre.simonlh.fr\/index.php\/wp-json\/wp\/v2\/types\/page"}],"author":[{"embeddable":true,"href":"https:\/\/vollibre.simonlh.fr\/index.php\/wp-json\/wp\/v2\/users\/1"}],"replies":[{"embeddable":true,"href":"https:\/\/vollibre.simonlh.fr\/index.php\/wp-json\/wp\/v2\/comments?post=8"}],"version-history":[{"count":5,"href":"https:\/\/vollibre.simonlh.fr\/index.php\/wp-json\/wp\/v2\/pages\/8\/revisions"}],"predecessor-version":[{"id":58,"href":"https:\/\/vollibre.simonlh.fr\/index.php\/wp-json\/wp\/v2\/pages\/8\/revisions\/58"}],"wp:attachment":[{"href":"https:\/\/vollibre.simonlh.fr\/index.php\/wp-json\/wp\/v2\/media?parent=8"}],"curies":[{"name":"wp","href":"https:\/\/api.w.org\/{rel}","templated":true}]}}